{"id":6901,"date":"2026-02-17T10:13:12","date_gmt":"2026-02-17T15:13:12","guid":{"rendered":"https:\/\/sanagustin.edu.pe\/admision\/?page_id=6901"},"modified":"2026-02-23T11:45:32","modified_gmt":"2026-02-23T16:45:32","slug":"formulario-de-admision-pre-kinder-2028","status":"publish","type":"page","link":"https:\/\/sanagustin.edu.pe\/admision\/formulario-de-admision-pre-kinder-2028\/","title":{"rendered":"Formulario de Admisi\u00f3n Pre K\u00ednder 2028"},"content":{"rendered":"\t\t<div data-elementor-type=\"wp-page\" data-elementor-id=\"6901\" class=\"elementor elementor-6901\" data-elementor-post-type=\"page\">\n\t\t\t\t<div class=\"has_eae_slider elementor-element elementor-element-b7753ef e-flex e-con-boxed e-con e-parent\" data-eae-slider=\"40163\" data-id=\"b7753ef\" data-element_type=\"container\" data-e-type=\"container\" data-settings=\"{&quot;background_background&quot;:&quot;classic&quot;}\">\n\t\t\t\t\t<div class=\"e-con-inner\">\n\t\t\t\t<div class=\"elementor-element elementor-element-03cffcb elementor-widget elementor-widget-heading\" data-id=\"03cffcb\" data-element_type=\"widget\" data-e-type=\"widget\" data-widget_type=\"heading.default\">\n\t\t\t\t\t<h1 class=\"elementor-heading-title elementor-size-default\">Admisi\u00f3n <span class=\"amarillo\">  <\/span> Pre K\u00ednder 2028<\/h1>\t\t\t\t<\/div>\n\t\t\t\t\t<\/div>\n\t\t\t\t<\/div>\n\t\t<div class=\"has_eae_slider elementor-element elementor-element-bff6935 e-flex e-con-boxed e-con e-parent\" data-eae-slider=\"78005\" data-id=\"bff6935\" data-element_type=\"container\" data-e-type=\"container\" data-settings=\"{&quot;background_background&quot;:&quot;classic&quot;}\">\n\t\t\t\t\t<div class=\"e-con-inner\">\n\t\t<div class=\"has_eae_slider elementor-element elementor-element-1f63d0e e-con-full e-flex e-con e-child\" data-eae-slider=\"11119\" data-id=\"1f63d0e\" data-element_type=\"container\" data-e-type=\"container\">\n\t\t\t\t<div class=\"elementor-element elementor-element-50ad2a2 elementor-widget elementor-widget-heading\" data-id=\"50ad2a2\" data-element_type=\"widget\" data-e-type=\"widget\" data-widget_type=\"heading.default\">\n\t\t\t\t\t<h1 class=\"elementor-heading-title elementor-size-default\">Formulario de <span class=\"rojoClaro\">Admisi\u00f3n Pre K\u00ednder 2028 <\/span><\/h1>\t\t\t\t<\/div>\n\t\t\t\t<\/div>\n\t\t<div class=\"has_eae_slider elementor-element elementor-element-f1bcc88 e-con-full e-flex e-con e-child\" data-eae-slider=\"80171\" data-id=\"f1bcc88\" data-element_type=\"container\" data-e-type=\"container\">\n\t\t\t\t<div class=\"elementor-element elementor-element-dfa4998 elementor-widget-divider--view-line elementor-widget elementor-widget-divider\" data-id=\"dfa4998\" data-element_type=\"widget\" data-e-type=\"widget\" data-widget_type=\"divider.default\">\n\t\t\t\t\t\t\t<div class=\"elementor-divider\">\n\t\t\t<span class=\"elementor-divider-separator\">\n\t\t\t\t\t\t<\/span>\n\t\t<\/div>\n\t\t\t\t\t\t<\/div>\n\t\t\t\t<div class=\"elementor-element elementor-element-f9c9a1f elementor-widget elementor-widget-text-editor\" data-id=\"f9c9a1f\" data-element_type=\"widget\" data-e-type=\"widget\" data-widget_type=\"text-editor.default\">\n\t\t\t\t\t\t\t\t\t<p><span style=\"font-weight: 400;\">Gracias por tu inter\u00e9s en formar parte de nuestra comunidad educativa. Completando el siguiente formulario <\/span><b>recibir\u00e1s toda la informaci\u00f3n para el proceso de admisi\u00f3n Pre K\u00ednder 2028.\u00a0<\/b><\/p><p><span style=\"font-weight: 400;\">En el Colegio San Agust\u00edn brindamos una formaci\u00f3n integral que promueve el desarrollo acad\u00e9mico, emocional y espiritual desde los primeros a\u00f1os, en un entorno seguro y acompa\u00f1amiento cercano a cada familia.<\/span><\/p><p><b>EL \u00e1rea de admisi\u00f3n se pondr\u00e1 en contacto contigo lo m\u00e1s pronto posible para brindarte la informaci\u00f3n correspondiente.<\/b><\/p>\t\t\t\t\t\t\t\t<\/div>\n\t\t\t\t<div class=\"elementor-element elementor-element-e822ffa elementor-widget-divider--view-line elementor-widget elementor-widget-divider\" data-id=\"e822ffa\" data-element_type=\"widget\" data-e-type=\"widget\" data-widget_type=\"divider.default\">\n\t\t\t\t\t\t\t<div class=\"elementor-divider\">\n\t\t\t<span class=\"elementor-divider-separator\">\n\t\t\t\t\t\t<\/span>\n\t\t<\/div>\n\t\t\t\t\t\t<\/div>\n\t\t\t\t<div class=\"elementor-element elementor-element-0ab7be4 elementor-widget elementor-widget-text-editor\" data-id=\"0ab7be4\" data-element_type=\"widget\" data-e-type=\"widget\" data-widget_type=\"text-editor.default\">\n\t\t\t\t\t\t\t\t\t<p><em>Estamos comprometidos con proteger tu privacidad. Al utilizar nuestros servicios, aceptas el uso de tus datos conforme a nuestra <span style=\"color: #ffcc00;\"><a style=\"color: #ffcc00;\" href=\"https:\/\/sanagustin.edu.pe\/wp-content\/uploads\/2024\/12\/Politica-de-privacidad-y-proteccion-de-datos-personales-para-la-pagina-web.pdf\">Pol\u00edtica de Privacidad.<\/a><\/span><\/em><\/p><p><em>Si tienes alguna pregunta sobre c\u00f3mo manejamos tus datos, no dudes en contactarnos. Tu confianza es nuestra prioridad.<\/em><\/p><p><em><span style=\"color: #ffcc00;\">\u00a0<\/span><\/em><\/p>\t\t\t\t\t\t\t\t<\/div>\n\t\t\t\t<\/div>\n\t\t<div class=\"has_eae_slider elementor-element elementor-element-c621ae6 e-con-full e-flex e-con e-child\" data-eae-slider=\"54319\" data-id=\"c621ae6\" data-element_type=\"container\" data-e-type=\"container\" data-settings=\"{&quot;background_background&quot;:&quot;classic&quot;}\">\n\t\t\t\t<div class=\"elementor-element elementor-element-e8e1e74 no_dates elementor-widget elementor-widget-heading\" data-id=\"e8e1e74\" data-element_type=\"widget\" data-e-type=\"widget\" data-widget_type=\"heading.default\">\n\t\t\t\t\t<h6 class=\"elementor-heading-title elementor-size-default\">Las visitas guiadas iniciar\u00e1n en marzo de 2025 y est\u00e1n dirigidas a las familias que postulan a Pre Kinder 2027; es decir, a ni\u00f1os nacidos entre el 1 de abril de 2022 y el 31 de marzo de 2023.<\/h6>\t\t\t\t<\/div>\n\t\t\t\t<div class=\"elementor-element elementor-element-91db6cf elementor-button-align-stretch elementor-widget elementor-widget-form\" data-id=\"91db6cf\" data-element_type=\"widget\" data-e-type=\"widget\" data-settings=\"{&quot;button_width&quot;:&quot;20&quot;,&quot;step_next_label&quot;:&quot;Next&quot;,&quot;step_previous_label&quot;:&quot;Previous&quot;,&quot;step_type&quot;:&quot;number_text&quot;,&quot;step_icon_shape&quot;:&quot;circle&quot;}\" data-widget_type=\"form.default\">\n\t\t\t\t\t\t\t<form class=\"elementor-form\" method=\"post\" name=\"Proceso de Admisi\u00f3n\" aria-label=\"Proceso de Admisi\u00f3n\">\n\t\t\t<input type=\"hidden\" name=\"post_id\" value=\"6901\"\/>\n\t\t\t<input type=\"hidden\" name=\"form_id\" value=\"91db6cf\"\/>\n\t\t\t<input type=\"hidden\" name=\"referer_title\" value=\"Formulario de Admisi\u00f3n Pre K\u00ednder 2028 - Admisi\u00f3n San Agust\u00edn\" \/>\n\n\t\t\t\t\t\t\t<input type=\"hidden\" name=\"queried_id\" value=\"6901\"\/>\n\t\t\t\n\t\t\t<div class=\"elementor-form-fields-wrapper elementor-labels-above\">\n\t\t\t\t\t\t\t\t<div class=\"elementor-field-type-text elementor-field-group elementor-column elementor-field-group-name elementor-col-100 elementor-field-required elementor-mark-required\">\n\t\t\t\t\t\t\t\t\t\t\t\t<label for=\"form-field-name\" class=\"elementor-field-label\">\n\t\t\t\t\t\t\t\tNombres y apellidos del padre, madre o apoderado\t\t\t\t\t\t\t<\/label>\n\t\t\t\t\t\t\t\t\t\t\t\t\t\t<input size=\"1\" type=\"text\" name=\"form_fields[name]\" id=\"form-field-name\" class=\"elementor-field elementor-size-sm  elementor-field-textual\" required=\"required\">\n\t\t\t\t\t\t\t\t\t\t\t<\/div>\n\t\t\t\t\t\t\t\t<div class=\"elementor-field-type-email elementor-field-group elementor-column elementor-field-group-email elementor-col-100 elementor-field-required elementor-mark-required\">\n\t\t\t\t\t\t\t\t\t\t\t\t<label for=\"form-field-email\" class=\"elementor-field-label\">\n\t\t\t\t\t\t\t\tEmail\t\t\t\t\t\t\t<\/label>\n\t\t\t\t\t\t\t\t\t\t\t\t\t\t<input size=\"1\" type=\"email\" name=\"form_fields[email]\" id=\"form-field-email\" class=\"elementor-field elementor-size-sm  elementor-field-textual\" placeholder=\"Email\" required=\"required\">\n\t\t\t\t\t\t\t\t\t\t\t<\/div>\n\t\t\t\t\t\t\t\t<div class=\"elementor-field-type-tel elementor-field-group elementor-column elementor-field-group-field_d7ada4c elementor-col-100 elementor-field-required elementor-mark-required\">\n\t\t\t\t\t\t\t\t\t\t\t\t<label for=\"form-field-field_d7ada4c\" class=\"elementor-field-label\">\n\t\t\t\t\t\t\t\tCelular\t\t\t\t\t\t\t<\/label>\n\t\t\t\t\t\t\t\t<input size=\"1\" type=\"tel\" name=\"form_fields[field_d7ada4c]\" id=\"form-field-field_d7ada4c\" class=\"elementor-field elementor-size-sm  elementor-field-textual\" required=\"required\" pattern=\"[0-9()#&amp;+*-=.]+\" title=\"Only numbers and phone characters (#, -, *, etc) are accepted.\">\n\n\t\t\t\t\t\t<\/div>\n\t\t\t\t\t\t\t\t<div class=\"elementor-field-type-radio elementor-field-group elementor-column elementor-field-group-field_fc229a3 elementor-col-100 elementor-field-required elementor-mark-required\">\n\t\t\t\t\t\t\t\t\t\t\t\t<label for=\"form-field-field_fc229a3\" class=\"elementor-field-label\">\n\t\t\t\t\t\t\t\t\u00bfPor qu\u00e9 medio se enter\u00f3?\t\t\t\t\t\t\t<\/label>\n\t\t\t\t\t\t<div class=\"elementor-field-subgroup  \"><span class=\"elementor-field-option\"><input type=\"radio\" value=\"Redes sociales\" id=\"form-field-field_fc229a3-0\" name=\"form_fields[field_fc229a3]\" required=\"required\"> <label for=\"form-field-field_fc229a3-0\">Redes sociales<\/label><\/span><span class=\"elementor-field-option\"><input type=\"radio\" value=\"P\u00e1gina web\" id=\"form-field-field_fc229a3-1\" name=\"form_fields[field_fc229a3]\" required=\"required\"> <label for=\"form-field-field_fc229a3-1\">P\u00e1gina web<\/label><\/span><span class=\"elementor-field-option\"><input type=\"radio\" value=\"Recomendaci\u00f3n\" id=\"form-field-field_fc229a3-2\" name=\"form_fields[field_fc229a3]\" required=\"required\"> <label for=\"form-field-field_fc229a3-2\">Recomendaci\u00f3n<\/label><\/span><span class=\"elementor-field-option\"><input type=\"radio\" value=\"Soy ex Alumno\" id=\"form-field-field_fc229a3-3\" name=\"form_fields[field_fc229a3]\" required=\"required\"> <label for=\"form-field-field_fc229a3-3\">Soy ex Alumno<\/label><\/span><span class=\"elementor-field-option\"><input type=\"radio\" value=\"Otros\" id=\"form-field-field_fc229a3-4\" name=\"form_fields[field_fc229a3]\" required=\"required\"> <label for=\"form-field-field_fc229a3-4\">Otros<\/label><\/span><\/div>\t\t\t\t<\/div>\n\t\t\t\t\t\t\t\t<div class=\"elementor-field-group elementor-column elementor-field-type-submit elementor-col-20 e-form__buttons\">\n\t\t\t\t\t<button class=\"elementor-button elementor-size-sm\" type=\"submit\">\n\t\t\t\t\t\t<span class=\"elementor-button-content-wrapper\">\n\t\t\t\t\t\t\t\t\t\t\t\t\t\t\t\t\t\t\t\t\t\t<span class=\"elementor-button-text\">Enviar<\/span>\n\t\t\t\t\t\t\t\t\t\t\t\t\t<\/span>\n\t\t\t\t\t<\/button>\n\t\t\t\t<\/div>\n\t\t\t<\/div>\n\t\t<\/form>\n\t\t\t\t\t\t<\/div>\n\t\t\t\t<\/div>\n\t\t\t\t<div class=\"elementor-element elementor-element-87db4e0 elementor-widget elementor-widget-shortcode\" data-id=\"87db4e0\" data-element_type=\"widget\" data-e-type=\"widget\" data-widget_type=\"shortcode.default\">\n\t\t\t\t\t\t\t<div class=\"elementor-shortcode\">[mostrar_leads_visita_guiada]<\/div>\n\t\t\t\t\t\t<\/div>\n\t\t\t\t\t<\/div>\n\t\t\t\t<\/div>\n\t\t\t\t<\/div>\n\t\t","protected":false},"excerpt":{"rendered":"<p>Admisi\u00f3n Pre K\u00ednder 2028 Formulario de Admisi\u00f3n Pre K\u00ednder 2028 Gracias por tu inter\u00e9s en formar parte de nuestra comunidad educativa. Completando el siguiente formulario recibir\u00e1s toda la informaci\u00f3n para el proceso de admisi\u00f3n Pre K\u00ednder 2028.\u00a0 En el Colegio San Agust\u00edn brindamos una formaci\u00f3n integral que promueve el desarrollo acad\u00e9mico, emocional y espiritual desde [&hellip;]<\/p>\n","protected":false},"author":12,"featured_media":0,"parent":0,"menu_order":0,"comment_status":"closed","ping_status":"closed","template":"","meta":{"footnotes":""},"class_list":["post-6901","page","type-page","status-publish","hentry"],"yoast_head":"<!-- This site is optimized with the Yoast SEO plugin v27.3 - https:\/\/yoast.com\/product\/yoast-seo-wordpress\/ -->\n<title>Formulario de Admisi\u00f3n Pre K\u00ednder 2028 - Admisi\u00f3n San Agust\u00edn<\/title>\n<meta name=\"robots\" content=\"index, follow, max-snippet:-1, max-image-preview:large, max-video-preview:-1\" \/>\n<link rel=\"canonical\" href=\"https:\/\/sanagustin.edu.pe\/admision\/formulario-de-admision-pre-kinder-2028\/\" \/>\n<meta property=\"og:locale\" content=\"es_ES\" \/>\n<meta property=\"og:type\" content=\"article\" \/>\n<meta property=\"og:title\" content=\"Formulario de Admisi\u00f3n Pre K\u00ednder 2028 - Admisi\u00f3n San Agust\u00edn\" \/>\n<meta property=\"og:description\" content=\"Admisi\u00f3n Pre K\u00ednder 2028 Formulario de Admisi\u00f3n Pre K\u00ednder 2028 Gracias por tu inter\u00e9s en formar parte de nuestra comunidad educativa. Completando el siguiente formulario recibir\u00e1s toda la informaci\u00f3n para el proceso de admisi\u00f3n Pre K\u00ednder 2028.\u00a0 En el Colegio San Agust\u00edn brindamos una formaci\u00f3n integral que promueve el desarrollo acad\u00e9mico, emocional y espiritual desde [&hellip;]\" \/>\n<meta property=\"og:url\" content=\"https:\/\/sanagustin.edu.pe\/admision\/formulario-de-admision-pre-kinder-2028\/\" \/>\n<meta property=\"og:site_name\" content=\"Admisi\u00f3n San Agust\u00edn\" \/>\n<meta property=\"article:modified_time\" content=\"2026-02-23T16:45:32+00:00\" \/>\n<meta name=\"twitter:card\" content=\"summary_large_image\" \/>\n<meta name=\"twitter:label1\" content=\"Est. reading time\" \/>\n\t<meta name=\"twitter:data1\" content=\"1 minuto\" \/>\n<script type=\"application\/ld+json\" class=\"yoast-schema-graph\">{\"@context\":\"https:\\\/\\\/schema.org\",\"@graph\":[{\"@type\":\"WebPage\",\"@id\":\"https:\\\/\\\/sanagustin.edu.pe\\\/admision\\\/formulario-de-admision-pre-kinder-2028\\\/\",\"url\":\"https:\\\/\\\/sanagustin.edu.pe\\\/admision\\\/formulario-de-admision-pre-kinder-2028\\\/\",\"name\":\"Formulario de Admisi\u00f3n Pre K\u00ednder 2028 - Admisi\u00f3n San Agust\u00edn\",\"isPartOf\":{\"@id\":\"https:\\\/\\\/sanagustin.edu.pe\\\/admision\\\/#website\"},\"datePublished\":\"2026-02-17T15:13:12+00:00\",\"dateModified\":\"2026-02-23T16:45:32+00:00\",\"breadcrumb\":{\"@id\":\"https:\\\/\\\/sanagustin.edu.pe\\\/admision\\\/formulario-de-admision-pre-kinder-2028\\\/#breadcrumb\"},\"inLanguage\":\"es-PE\",\"potentialAction\":[{\"@type\":\"ReadAction\",\"target\":[\"https:\\\/\\\/sanagustin.edu.pe\\\/admision\\\/formulario-de-admision-pre-kinder-2028\\\/\"]}]},{\"@type\":\"BreadcrumbList\",\"@id\":\"https:\\\/\\\/sanagustin.edu.pe\\\/admision\\\/formulario-de-admision-pre-kinder-2028\\\/#breadcrumb\",\"itemListElement\":[{\"@type\":\"ListItem\",\"position\":1,\"name\":\"Portada\",\"item\":\"https:\\\/\\\/sanagustin.edu.pe\\\/admision\\\/\"},{\"@type\":\"ListItem\",\"position\":2,\"name\":\"Formulario de Admisi\u00f3n Pre K\u00ednder 2028\"}]},{\"@type\":\"WebSite\",\"@id\":\"https:\\\/\\\/sanagustin.edu.pe\\\/admision\\\/#website\",\"url\":\"https:\\\/\\\/sanagustin.edu.pe\\\/admision\\\/\",\"name\":\"Admisi\u00f3n San Agust\u00edn\",\"description\":\"Una comunidad en busca de la Verdad y del otro\",\"publisher\":{\"@id\":\"https:\\\/\\\/sanagustin.edu.pe\\\/admision\\\/#organization\"},\"potentialAction\":[{\"@type\":\"SearchAction\",\"target\":{\"@type\":\"EntryPoint\",\"urlTemplate\":\"https:\\\/\\\/sanagustin.edu.pe\\\/admision\\\/?s={search_term_string}\"},\"query-input\":{\"@type\":\"PropertyValueSpecification\",\"valueRequired\":true,\"valueName\":\"search_term_string\"}}],\"inLanguage\":\"es-PE\"},{\"@type\":\"Organization\",\"@id\":\"https:\\\/\\\/sanagustin.edu.pe\\\/admision\\\/#organization\",\"name\":\"Admisi\u00f3n San Agust\u00edn\",\"url\":\"https:\\\/\\\/sanagustin.edu.pe\\\/admision\\\/\",\"logo\":{\"@type\":\"ImageObject\",\"inLanguage\":\"es-PE\",\"@id\":\"https:\\\/\\\/sanagustin.edu.pe\\\/admision\\\/#\\\/schema\\\/logo\\\/image\\\/\",\"url\":\"https:\\\/\\\/sanagustin.edu.pe\\\/admision\\\/wp-content\\\/uploads\\\/sites\\\/2\\\/2022\\\/08\\\/cropped-logo-san-agustin-lima.jpg\",\"contentUrl\":\"https:\\\/\\\/sanagustin.edu.pe\\\/admision\\\/wp-content\\\/uploads\\\/sites\\\/2\\\/2022\\\/08\\\/cropped-logo-san-agustin-lima.jpg\",\"width\":178,\"height\":80,\"caption\":\"Admisi\u00f3n San Agust\u00edn\"},\"image\":{\"@id\":\"https:\\\/\\\/sanagustin.edu.pe\\\/admision\\\/#\\\/schema\\\/logo\\\/image\\\/\"}}]}<\/script>\n<!-- \/ Yoast SEO plugin. -->","yoast_head_json":{"title":"Formulario de Admisi\u00f3n Pre K\u00ednder 2028 - Admisi\u00f3n San Agust\u00edn","robots":{"index":"index","follow":"follow","max-snippet":"max-snippet:-1","max-image-preview":"max-image-preview:large","max-video-preview":"max-video-preview:-1"},"canonical":"https:\/\/sanagustin.edu.pe\/admision\/formulario-de-admision-pre-kinder-2028\/","og_locale":"es_ES","og_type":"article","og_title":"Formulario de Admisi\u00f3n Pre K\u00ednder 2028 - Admisi\u00f3n San Agust\u00edn","og_description":"Admisi\u00f3n Pre K\u00ednder 2028 Formulario de Admisi\u00f3n Pre K\u00ednder 2028 Gracias por tu inter\u00e9s en formar parte de nuestra comunidad educativa. Completando el siguiente formulario recibir\u00e1s toda la informaci\u00f3n para el proceso de admisi\u00f3n Pre K\u00ednder 2028.\u00a0 En el Colegio San Agust\u00edn brindamos una formaci\u00f3n integral que promueve el desarrollo acad\u00e9mico, emocional y espiritual desde [&hellip;]","og_url":"https:\/\/sanagustin.edu.pe\/admision\/formulario-de-admision-pre-kinder-2028\/","og_site_name":"Admisi\u00f3n San Agust\u00edn","article_modified_time":"2026-02-23T16:45:32+00:00","twitter_card":"summary_large_image","twitter_misc":{"Est. reading time":"1 minuto"},"schema":{"@context":"https:\/\/schema.org","@graph":[{"@type":"WebPage","@id":"https:\/\/sanagustin.edu.pe\/admision\/formulario-de-admision-pre-kinder-2028\/","url":"https:\/\/sanagustin.edu.pe\/admision\/formulario-de-admision-pre-kinder-2028\/","name":"Formulario de Admisi\u00f3n Pre K\u00ednder 2028 - Admisi\u00f3n San Agust\u00edn","isPartOf":{"@id":"https:\/\/sanagustin.edu.pe\/admision\/#website"},"datePublished":"2026-02-17T15:13:12+00:00","dateModified":"2026-02-23T16:45:32+00:00","breadcrumb":{"@id":"https:\/\/sanagustin.edu.pe\/admision\/formulario-de-admision-pre-kinder-2028\/#breadcrumb"},"inLanguage":"es-PE","potentialAction":[{"@type":"ReadAction","target":["https:\/\/sanagustin.edu.pe\/admision\/formulario-de-admision-pre-kinder-2028\/"]}]},{"@type":"BreadcrumbList","@id":"https:\/\/sanagustin.edu.pe\/admision\/formulario-de-admision-pre-kinder-2028\/#breadcrumb","itemListElement":[{"@type":"ListItem","position":1,"name":"Portada","item":"https:\/\/sanagustin.edu.pe\/admision\/"},{"@type":"ListItem","position":2,"name":"Formulario de Admisi\u00f3n Pre K\u00ednder 2028"}]},{"@type":"WebSite","@id":"https:\/\/sanagustin.edu.pe\/admision\/#website","url":"https:\/\/sanagustin.edu.pe\/admision\/","name":"Admisi\u00f3n San Agust\u00edn","description":"Una comunidad en busca de la Verdad y del otro","publisher":{"@id":"https:\/\/sanagustin.edu.pe\/admision\/#organization"},"potentialAction":[{"@type":"SearchAction","target":{"@type":"EntryPoint","urlTemplate":"https:\/\/sanagustin.edu.pe\/admision\/?s={search_term_string}"},"query-input":{"@type":"PropertyValueSpecification","valueRequired":true,"valueName":"search_term_string"}}],"inLanguage":"es-PE"},{"@type":"Organization","@id":"https:\/\/sanagustin.edu.pe\/admision\/#organization","name":"Admisi\u00f3n San Agust\u00edn","url":"https:\/\/sanagustin.edu.pe\/admision\/","logo":{"@type":"ImageObject","inLanguage":"es-PE","@id":"https:\/\/sanagustin.edu.pe\/admision\/#\/schema\/logo\/image\/","url":"https:\/\/sanagustin.edu.pe\/admision\/wp-content\/uploads\/sites\/2\/2022\/08\/cropped-logo-san-agustin-lima.jpg","contentUrl":"https:\/\/sanagustin.edu.pe\/admision\/wp-content\/uploads\/sites\/2\/2022\/08\/cropped-logo-san-agustin-lima.jpg","width":178,"height":80,"caption":"Admisi\u00f3n San Agust\u00edn"},"image":{"@id":"https:\/\/sanagustin.edu.pe\/admision\/#\/schema\/logo\/image\/"}}]}},"_links":{"self":[{"href":"https:\/\/sanagustin.edu.pe\/admision\/wp-json\/wp\/v2\/pages\/6901","targetHints":{"allow":["GET"]}}],"collection":[{"href":"https:\/\/sanagustin.edu.pe\/admision\/wp-json\/wp\/v2\/pages"}],"about":[{"href":"https:\/\/sanagustin.edu.pe\/admision\/wp-json\/wp\/v2\/types\/page"}],"author":[{"embeddable":true,"href":"https:\/\/sanagustin.edu.pe\/admision\/wp-json\/wp\/v2\/users\/12"}],"replies":[{"embeddable":true,"href":"https:\/\/sanagustin.edu.pe\/admision\/wp-json\/wp\/v2\/comments?post=6901"}],"version-history":[{"count":10,"href":"https:\/\/sanagustin.edu.pe\/admision\/wp-json\/wp\/v2\/pages\/6901\/revisions"}],"predecessor-version":[{"id":6935,"href":"https:\/\/sanagustin.edu.pe\/admision\/wp-json\/wp\/v2\/pages\/6901\/revisions\/6935"}],"wp:attachment":[{"href":"https:\/\/sanagustin.edu.pe\/admision\/wp-json\/wp\/v2\/media?parent=6901"}],"curies":[{"name":"wp","href":"https:\/\/api.w.org\/{rel}","templated":true}]}}